{"id":2,"date":"2025-08-05T11:45:42","date_gmt":"2025-08-05T11:45:42","guid":{"rendered":"https:\/\/vyjadreni.sitel.cz\/?page_id=2"},"modified":"2025-09-01T12:10:15","modified_gmt":"2025-09-01T10:10:15","slug":"sdeleni","status":"publish","type":"page","link":"https:\/\/vyjadreni.sitel.cz\/","title":{"rendered":"sdeleni_vlastnika"},"content":{"rendered":"\n<div style=\"height:150px\" aria-hidden=\"true\" class=\"wp-block-spacer\"><\/div>\n\n\n\n<h3 class=\"wp-block-heading\">SD\u011aLEN\u00cd VLASTN\u00cdKA VE\u0158EJN\u00c9 TECHNICK\u00c9 INFRASTRUKTURY<\/h3>\n\n\n\n<p>Vlastn\u00edci technick\u00e9 infrastruktury poskytuj\u00ed \u00fadaje o podm\u00ednk\u00e1ch napojen\u00ed, o ochrann\u00fdch a bezpe\u010dnostn\u00edch p\u00e1smech a o z\u00e1kladn\u00edch podm\u00ednk\u00e1ch prov\u00e1d\u011bn\u00ed \u010dinnosti v&nbsp;nich (d\u00e1le jen \u201e\u00dadaje\u201c), tak, jak jsou vlastn\u00edci technick\u00e9 infrastruktury povinni tyto \u00fadaje poskytovat dle \u00a7 168 p\u00edsm. b) z\u00e1kona \u010d. 283\/2021 Sb., Stavebn\u00ed z\u00e1kon, ve zn\u011bn\u00ed pozd\u011bj\u0161\u00edch p\u0159edpis\u016f (d\u00e1le jen \u201estavebn\u00ed z\u00e1kon\u201c).<\/p>\n\n\n\n<p>N\u00ed\u017ee jsou uvedeny \u00dadaje ve vztahu k&nbsp;ve\u0159ejn\u00e9 s\u00edti elektronick\u00fdch komunikac\u00ed (d\u00e1le \u201etechnick\u00e1 infrastruktura\u201c) vlastn\u011bn\u00e9 n\u00e1sleduj\u00edc\u00edmi subjekty, pro n\u011b\u017e jsou \u00dadaje toto\u017en\u00e9:<\/p>\n\n\n\n<ol start=\"1\" class=\"wp-block-list\">\n<li><strong>SITEL, spol. s\u00a0r.o.<\/strong>, I\u010c: 44797320, se s\u00eddlem Baarova 957\/15, Praha 4, PS\u010c 140\u00a000, spole\u010dnost zapsan\u00e1 v\u00a0obchodn\u00edm rejst\u0159\u00edku veden\u00e9m M\u011bstsk\u00fdm soudem v\u00a0Praze, odd\u00edl C, vlo\u017eka 6725;<\/li>\n\n\n\n<li><strong>Arelion Czech Republic a.s.<\/strong>, I\u010c: 26207842, se s\u00eddlem K\u00a0\u010cerven\u00e9mu dvoru 3269\/25a, Stra\u0161nice, 130\u00a000 Praha 3, spole\u010dnost zapsan\u00e1 v\u00a0obchodn\u00edm rejst\u0159\u00edku veden\u00e9m M\u011bstsk\u00fdm soudem v\u00a0Praze, odd\u00edl B, vlo\u017eka 6808;<\/li>\n\n\n\n<li><strong>OPTILINE a.s.<\/strong>, I\u010c: 26270412, se s\u00eddlem Ml\u00fdnsk\u00e1 22\/4, Bubene\u010d, 160\u00a000 Praha 6, spole\u010dnost zapsan\u00e1 v\u00a0obchodn\u00edm rejst\u0159\u00edku veden\u00e9m M\u011bstsk\u00fdm soudem v\u00a0Praze, odd\u00edl B, vlo\u017eka 22915<\/li>\n<\/ol>\n\n\n\n<p>(d\u00e1le jen \u201eVlastn\u00edci technick\u00e9 infrastruktury\u201c).<\/p>\n\n\n\n<p>Pro vylou\u010den\u00ed pochybnost\u00ed je mo\u017en\u00e9 uv\u00e9st, \u017ee Vlastn\u00edci technick\u00e9 infrastruktury poskytuj\u00ed \u00dadaje dle \u00a7 168 p\u00edsm. b) stavebn\u00edho z\u00e1kona bezplatn\u011b. \u00dadaje jsou toto\u017en\u00e9 pro celou technickou infrastrukturu vlastn\u011bnou Vlastn\u00edky technick\u00e9 infrastruktury.<\/p>\n\n\n\n<p>Sd\u011blen\u00ed \u00dadaj\u016f:<\/p>\n\n\n\n<ol start=\"1\" class=\"wp-block-list\">\n<li>Vlastn\u00edci technick\u00e9 infrastruktury neumo\u017e\u0148uj\u00ed napojen\u00ed \u017eadatel\u016f \u2013 technick\u00e1 infrastruktura Vlastn\u00edk\u016f technick\u00e9 infrastruktury slou\u017e\u00ed k&nbsp;poskytov\u00e1n\u00ed p\u00e1te\u0159n\u00edch \u00fasek\u016f okruh\u016f.<\/li>\n\n\n\n<li>Ochrann\u00e9 p\u00e1smo technick\u00e9 infrastruktury, kter\u00e1 je sv\u00fdm charakterem podzemn\u00edm komunika\u010dn\u00edm veden\u00edm, je stanoveno \u00a7 102 z\u00e1kona \u010d. 127\/2005 Sb., o elektronick\u00fdch komunikac\u00edch a o zm\u011bn\u011b n\u011bkter\u00fdch souvisej\u00edc\u00edch z\u00e1kon\u016f&nbsp; ve zn\u011bn\u00ed pozd\u011bj\u0161\u00edch p\u0159edpis\u016f (d\u00e1le jen \u201ez\u00e1kon o elektronick\u00fdch komunikac\u00edch\u201c).<\/li>\n\n\n\n<li>Z\u00e1kladn\u00ed podm\u00ednky prov\u00e1d\u011bn\u00ed \u010dinnost\u00ed v&nbsp;ochrann\u00e9m p\u00e1smu technick\u00e9 infrastruktury Vlastn\u00edk\u016f technick\u00e9 infrastruktury jsou n\u00e1sleduj\u00edc\u00ed:\n<ul class=\"wp-block-list\">\n<li>\u00ad bez souhlasu Vlastn\u00edka technick\u00e9 infrastruktury je zak\u00e1z\u00e1no prov\u00e1d\u011bt zemn\u00ed pr\u00e1ce nebo ter\u00e9nn\u00ed \u00fapravy,<\/li>\n\n\n\n<li>\u00ad bez souhlasu Vlastn\u00edka technick\u00e9 infrastruktury je zak\u00e1z\u00e1no z\u0159izovat stavby \u010di um\u00eds\u0165ovat konstrukce nebo jin\u00e1 za\u0159\u00edzen\u00ed,<\/li>\n\n\n\n<li>\u00ad bez souhlasu Vlastn\u00edka technick\u00e9 infrastruktury je zak\u00e1z\u00e1no vysazovat trval\u00e9 porosty.<\/li>\n\n\n\n<li>\u00ad \u010dinnosti v&nbsp;ochrann\u00e9m p\u00e1smu podzemn\u00edho komunika\u010dn\u00edho veden\u00ed, kter\u00e9 by znemo\u017e\u0148ovaly nebo podstatn\u011b znesnad\u0148ovaly p\u0159\u00edstup k&nbsp;tomuto veden\u00ed nebo kter\u00e9 by mohly ohrozit bezpe\u010dnost a spolehlivost jeho provozu, je mo\u017en\u00e9 vykon\u00e1vat jen po p\u0159edchoz\u00edm souhlasu Vlastn\u00edka technick\u00e9 infrastruktury.<\/li>\n<\/ul>\n<\/li>\n<\/ol>\n\n\n\n<p>\u00dadaje nenahrazuj\u00ed ani nep\u0159edstavuj\u00ed souhlas Vlastn\u00edk\u016f technick\u00e9 infrastruktury k&nbsp;jak\u00fdmkoli \u010dinnostem, je\u017e by mohly v\u00e9st k&nbsp;po\u0161kozen\u00ed, zni\u010den\u00ed, zm\u011bn\u011b polohy, p\u0159eru\u0161en\u00ed \u010di jin\u00e9mu naru\u0161en\u00ed funk\u010dnosti technick\u00e9 infrastruktury, anebo k&nbsp;naru\u0161en\u00ed b\u011b\u017en\u00fdch vlastnost\u00ed a jej\u00edho neru\u0161en\u00e9ho provozu.<\/p>\n\n\n\n<p>Nad r\u00e1mec \u00dadaj\u016f, tedy informac\u00ed poskytovan\u00fdch bezplatn\u011b dle \u00a7 168 p\u00edsm. b) stavebn\u00edho z\u00e1kona, Vlastn\u00edci technick\u00e9 infrastruktury sd\u011bluj\u00ed, \u017ee \u00fadaje o poloze technick\u00e9 infrastruktury, k&nbsp;n\u00ed\u017e se v\u00e1\u017e\u00ed \u00dadaje, byly poskytnuty k&nbsp;integraci do Port\u00e1lu stavebn\u00edka, resp. Port\u00e1lu DMVS, kde lze dle platn\u00e9 legislativy informace o konkr\u00e9tn\u00ed poloze z\u00edskat.<\/p>\n\n\n\n<p>Vlastn\u00edci technick\u00e9 infrastruktury neodpov\u00eddaj\u00ed za dostupnost \u00fadaj\u016f o poloze \u010di jin\u00fdch informac\u00ed v&nbsp;r\u00e1mci Port\u00e1lu stavebn\u00edka \u010di Port\u00e1lu DMVS. Vlastn\u00edci technick\u00e9 infrastruktury nejsou provozovateli uveden\u00fdch port\u00e1l\u016f, jejich\u017e re\u017eim je pod\u0159\u00edzen platn\u00e9 legislativ\u011b.<\/p>\n\n\n\n<p>\u017d\u00e1dost o vyd\u00e1n\u00ed Sd\u011blen\u00ed vlastn\u00edka technick\u00e9 infrastruktury dle \u00a7 168 Stavebn\u00edho z\u00e1kona, podan\u00e9 na formul\u00e1\u0159i, kter\u00fd je p\u0159\u00edlohou \u010d.2 Vyhl\u00e1\u0161ky \u010d.&nbsp;149\/2024&nbsp;Sb., o&nbsp;proveden\u00ed n\u011bkter\u00fdch ustanoven\u00ed stavebn\u00edho z\u00e1kona, v&nbsp;platn\u00e9m zn\u011bn\u00ed, za\u0161lete na emailovou adresu &nbsp;<a href=\"mailto:spravaDTI@sitel.cz\">spravaDTI@sitel.cz<\/a> .<\/p>\n\n\n\n<p>Vlastn\u00edci technick\u00e9 infrastruktury poskytuj\u00ed krom\u011b informac\u00ed poskytovan\u00fdch dle \u00a7 168 p\u00edsm. b) stavebn\u00edho z\u00e1kona i dal\u0161\u00ed pot\u0159ebn\u00e9 \u00fadaje o poloze jejich technick\u00e9 infrastruktury a podm\u00ednk\u00e1ch jej\u00ed ochrany na z\u00e1klad\u011b \u017e\u00e1dost\u00ed o Vyj\u00e1d\u0159en\u00ed k&nbsp;existenci s\u00edt\u00ed prost\u0159ednictv\u00edm webov\u00e9ho port\u00e1lu viz <a href=\"https:\/\/vyjadreni.sitel.cz\/?page_id=148\" data-type=\"page\" data-id=\"148\">Vyj\u00e1d\u0159en\u00ed k existenci s\u00edt\u00ed<\/a><\/p>\n\n\n\n<p>Vlastn\u00edci technick\u00e9 infrastruktury jsou p\u0159ipraveni poskytnout ve\u0161kerou pot\u0159ebnou sou\u010dinnost ve f\u00e1zi posuzov\u00e1n\u00ed, p\u0159\u00edpravy a realizace stavebn\u00edch \u010di jin\u00fdch podobn\u00fdch z\u00e1m\u011br\u016f viz <a href=\"https:\/\/vyjadreni.sitel.cz\/?page_id=153\" data-type=\"page\" data-id=\"153\">Ochrana s\u00edt\u00ed<\/a><\/p>\n\n\n\n<p><\/p>\n","protected":false},"excerpt":{"rendered":"<p>SD\u011aLEN\u00cd VLASTN\u00cdKA VE\u0158EJN\u00c9 TECHNICK\u00c9 INFRASTRUKTURY Vlastn\u00edci technick\u00e9 infrastruktury poskytuj\u00ed \u00fadaje o podm\u00ednk\u00e1ch napojen\u00ed, o ochrann\u00fdch a bezpe\u010dnostn\u00edch p\u00e1smech a o [&hellip;]<\/p>\n","protected":false},"author":1,"featured_media":0,"parent":0,"menu_order":0,"comment_status":"closed","ping_status":"closed","template":"","meta":{"site-sidebar-layout":"default","site-content-layout":"","ast-site-content-layout":"default","site-content-style":"default","site-sidebar-style":"default","ast-global-header-display":"","ast-banner-title-visibility":"","ast-main-header-display":"","ast-hfb-above-header-display":"","ast-hfb-below-header-display":"","ast-hfb-mobile-header-display":"","site-post-title":"disabled","ast-breadcrumbs-content":"","ast-featured-img":"","footer-sml-layout":"","theme-transparent-header-meta":"","adv-header-id-meta":"","stick-header-meta":"","header-above-stick-meta":"","header-main-stick-meta":"","header-below-stick-meta":"","astra-migrate-meta-layouts":"default","ast-page-background-enabled":"default","ast-page-background-meta":{"desktop":{"background-color":"var(--ast-global-color-5)","background-image":"","background-repeat":"repeat","background-position":"center center","background-size":"auto","background-attachment":"scroll","background-type":"","background-media":"","overlay-type":"","overlay-color":"","overlay-opacity":"","overlay-gradient":""},"tablet":{"background-color":"","background-image":"","background-repeat":"repeat","background-position":"center center","background-size":"auto","background-attachment":"scroll","background-type":"","background-media":"","overlay-type":"","overlay-color":"","overlay-opacity":"","overlay-gradient":""},"mobile":{"background-color":"","background-image":"","background-repeat":"repeat","background-position":"center center","background-size":"auto","background-attachment":"scroll","background-type":"","background-media":"","overlay-type":"","overlay-color":"","overlay-opacity":"","overlay-gradient":""}},"ast-content-background-meta":{"desktop":{"background-color":"var(--ast-global-color-4)","background-image":"","background-repeat":"repeat","background-position":"center center","background-size":"auto","background-attachment":"scroll","background-type":"","background-media":"","overlay-type":"","overlay-color":"","overlay-opacity":"","overlay-gradient":""},"tablet":{"background-color":"var(--ast-global-color-4)","background-image":"","background-repeat":"repeat","background-position":"center center","background-size":"auto","background-attachment":"scroll","background-type":"","background-media":"","overlay-type":"","overlay-color":"","overlay-opacity":"","overlay-gradient":""},"mobile":{"background-color":"var(--ast-global-color-4)","background-image":"","background-repeat":"repeat","background-position":"center center","background-size":"auto","background-attachment":"scroll","background-type":"","background-media":"","overlay-type":"","overlay-color":"","overlay-opacity":"","overlay-gradient":""}},"footnotes":""},"class_list":["post-2","page","type-page","status-publish","hentry"],"_links":{"self":[{"href":"https:\/\/vyjadreni.sitel.cz\/index.php?rest_route=\/wp\/v2\/pages\/2","targetHints":{"allow":["GET"]}}],"collection":[{"href":"https:\/\/vyjadreni.sitel.cz\/index.php?rest_route=\/wp\/v2\/pages"}],"about":[{"href":"https:\/\/vyjadreni.sitel.cz\/index.php?rest_route=\/wp\/v2\/types\/page"}],"author":[{"embeddable":true,"href":"https:\/\/vyjadreni.sitel.cz\/index.php?rest_route=\/wp\/v2\/users\/1"}],"replies":[{"embeddable":true,"href":"https:\/\/vyjadreni.sitel.cz\/index.php?rest_route=%2Fwp%2Fv2%2Fcomments&post=2"}],"version-history":[{"count":12,"href":"https:\/\/vyjadreni.sitel.cz\/index.php?rest_route=\/wp\/v2\/pages\/2\/revisions"}],"predecessor-version":[{"id":216,"href":"https:\/\/vyjadreni.sitel.cz\/index.php?rest_route=\/wp\/v2\/pages\/2\/revisions\/216"}],"wp:attachment":[{"href":"https:\/\/vyjadreni.sitel.cz\/index.php?rest_route=%2Fwp%2Fv2%2Fmedia&parent=2"}],"curies":[{"name":"wp","href":"https:\/\/api.w.org\/{rel}","templated":true}]}}