{"id":190,"date":"2025-09-01T08:58:29","date_gmt":"2025-09-01T06:58:29","guid":{"rendered":"https:\/\/vyjadreni.sitel.cz\/?page_id=190"},"modified":"2025-09-01T14:22:15","modified_gmt":"2025-09-01T12:22:15","slug":"cenik2","status":"publish","type":"page","link":"https:\/\/vyjadreni.sitel.cz\/?page_id=190","title":{"rendered":"cenik2"},"content":{"rendered":"\n<div style=\"height:150px\" aria-hidden=\"true\" class=\"wp-block-spacer\"><\/div>\n\n\n\n<h3 class=\"wp-block-heading\">Cen\u00edk \u010dinnost\u00ed a vyjad\u0159ov\u00e1n\u00ed v r\u00e1mci ochrany s\u00edt\u011b<\/h3>\n\n\n\n<figure class=\"wp-block-table is-style-regular\" style=\"padding-right:0;padding-left:0\">\n  <table class=\"has-fixed-layout table-pricelist\">\n    <thead>\n      <tr><th>\u010cinnost<\/th><th>Cena v\u010d. DPH<\/th><\/tr>\n    <\/thead>\n    <tbody>\n\n      <tr class=\"section\"><th colspan=\"2\" scope=\"colgroup\">\n        Sd\u011blen\u00ed vlastn\u00edka dle \u00a7 168 p\u00edsm. b) z\u00e1kona \u010d. 283\/2021 Sb., Stavebn\u00ed z\u00e1kon, ve zn\u011bn\u00ed pozd\u011bj\u0161\u00edch p\u0159edpis\u016f\n      <\/th><\/tr>\n      <tr>\n        <td>Poskytnut\u00ed \u00fadaj\u016f o podm\u00ednk\u00e1ch napojen\u00ed, o ochrann\u00fdch a bezpe\u010dnostn\u00edch p\u00e1smech a o z\u00e1kladn\u00edch podm\u00ednk\u00e1ch prov\u00e1d\u011bn\u00ed \u010dinnosti v nich<\/td>\n        <td>Bezplatn\u011b, viz <a href=\"https:\/\/vyjadreni.sitel.cz\/\" data-type=\"page\" data-id=\"2\">Sd\u011blen\u00ed vlastn\u00edka<\/a><\/td>\n      <\/tr>\n\n      <tr class=\"section\"><th colspan=\"2\" scope=\"colgroup\">\n        Vyjad\u0159ov\u00e1n\u00ed k existenci, konkr\u00e9tn\u00ed poloze a podrobn\u00fdm podm\u00ednk\u00e1m prov\u00e1d\u011bn\u00ed \u010dinnost\u00ed dle konkr\u00e9tn\u00ed situace a popsan\u00fdch po\u017eadavk\u016f\n      <\/th><\/tr>\n      <tr>\n        <td>Technick\u00e9 vyj\u00e1d\u0159en\u00ed k existenci a poloze SEK<\/td>\n        <td>430 K\u010d, viz <a href=\"https:\/\/vyjadreni.sitel.cz\/?page_id=148\" data-type=\"page\" data-id=\"148\">Vyj\u00e1d\u0159en\u00ed k existenc\u00ed s\u00edt\u00ed<\/a><\/td>\n      <\/tr>\n      <tr>\n        <td>Poskytnut\u00ed digit\u00e1ln\u00edho pr\u016fb\u011bhu SEK (DGN) k projedn\u00e1van\u00e9mu stavebn\u00edmu z\u00e1m\u011bru<\/td>\n        <td>1 210 K\u010d<\/td>\n      <\/tr>\n\n      <tr class=\"section\"><th colspan=\"2\" scope=\"colgroup\">\n        Pr\u00e1ce s projektovou dokumentac\u00ed konkr\u00e9tn\u00edho z\u00e1m\u011bru v r\u00e1mci \u0159e\u0161en\u00ed ochrany s\u00edt\u00ed\n      <\/th><\/tr>\n      <tr><td>Technick\u00e1 konzultace<\/td><td>1 550 K\u010d<\/td><\/tr>\n      <tr><td>Technick\u00e1 konzultace &#8211; v\u011bt\u0161\u00ed rozsah<\/td><td>4 650 K\u010d<\/td><\/tr>\n      <tr><td>Vyj\u00e1d\u0159en\u00ed ke konkr\u00e9tn\u00edmu stupni PD<\/td><td>1 550 K\u010d<\/td><\/tr>\n      <tr><td>Vyj\u00e1d\u0159en\u00ed ke konktr\u00e9tn\u00edmu stupni PD &#8211; v\u011bt\u0161\u00ed rozsah<\/td><td>4 650 K\u010d<\/td><\/tr>\n      <tr><td>P\u0159evzet\u00ed DSPS a jej\u00ed zapracov\u00e1n\u00ed do provozn\u00ed dokumentace s\u00edt\u011b<\/td><td>1 550 K\u010d<\/td><\/tr>\n      <tr><td>P\u0159evzet\u00ed DSPS a jej\u00ed zapracov\u00e1n\u00ed do provozn\u00ed dokumentace s\u00edt\u011b &#8211; v\u011bt\u0161\u00ed rozsah<\/td><td>4 650 K\u010d<\/td><\/tr>\n\n      <tr class=\"section\"><th colspan=\"2\" scope=\"colgroup\">\n        Pr\u00e1ce technick\u00e9ho dozoru na stavb\u00e1ch v r\u00e1mci \u0159e\u0161en\u00ed ochrany s\u00edt\u00ed\n      <\/th><\/tr>\n      <tr><td>P\u0159ed\u00e1n\u00ed\/p\u0159evzet\u00ed staveni\u0161t\u011b<\/td><td>1 550 K\u010d\/hodina + 25 K\u010d\/km<\/td><\/tr>\n      <tr><td>\u00da\u010dast na kontroln\u00edm dni<\/td><td>1 550 K\u010d\/hodina + 25 K\u010d\/km<\/td><\/tr>\n      <tr><td>Kontroln\u00ed \u010dinnost<\/td><td>1 550 K\u010d\/hodina + 25 K\u010d\/km<\/td><\/tr>\n\n    <\/tbody>\n  <\/table>\n<\/figure>\n\n\n\n<h4 class=\"wp-block-heading\">Vyt\u00fd\u010den\u00ed s\u00edt\u00ed &#8211; geodetick\u00e9 pr\u00e1ce<\/h4>\n\n\n\n<figure class=\"wp-block-table\"><table class=\"has-fixed-layout\"><tbody><tr><td>do 100m<\/td><td>8 470 K\u010d<\/td><\/tr><tr><td>100-200m<\/td><td>10 285 K\u010d<\/td><\/tr><tr><td>200-300m<\/td><td>12 100 K\u010d<\/td><\/tr><tr><td>300-400m<\/td><td>13 915 K\u010d<\/td><\/tr><tr><td>400-500m<\/td><td>15 730 K\u010d<\/td><\/tr><tr><td>500-600m<\/td><td>17 545 K\u010d<\/td><\/tr><tr><td>600-700m<\/td><td>19 360 K\u010d<\/td><\/tr><tr><td>700-800m<\/td><td>21 175 K\u010d<\/td><\/tr><tr><td>800-900m<\/td><td>22 990 K\u010d<\/td><\/tr><tr><td>900-1000m<\/td><td>24 805 K\u010d<\/td><\/tr><tr><td>ostatn\u00ed<\/td><td>dle cenov\u00e9 nab\u00eddky<\/td><\/tr><\/tbody><\/table><figcaption class=\"wp-element-caption\">Cen\u00edk platn\u00fd od 1.1.2025<\/figcaption><\/figure>\n\n\n\n<p><\/p>\n","protected":false},"excerpt":{"rendered":"<p>Cen\u00edk \u010dinnost\u00ed a vyjad\u0159ov\u00e1n\u00ed v r\u00e1mci ochrany s\u00edt\u011b \u010cinnost Cena v\u010d. DPH Sd\u011blen\u00ed vlastn\u00edka dle \u00a7 168 p\u00edsm. b) z\u00e1kona [&hellip;]<\/p>\n","protected":false},"author":1,"featured_media":0,"parent":0,"menu_order":0,"comment_status":"closed","ping_status":"closed","template":"","meta":{"site-sidebar-layout":"default","site-content-layout":"","ast-site-content-layout":"default","site-content-style":"default","site-sidebar-style":"default","ast-global-header-display":"","ast-banner-title-visibility":"","ast-main-header-display":"","ast-hfb-above-header-display":"","ast-hfb-below-header-display":"","ast-hfb-mobile-header-display":"","site-post-title":"disabled","ast-breadcrumbs-content":"","ast-featured-img":"","footer-sml-layout":"","theme-transparent-header-meta":"","adv-header-id-meta":"","stick-header-meta":"","header-above-stick-meta":"","header-main-stick-meta":"","header-below-stick-meta":"","astra-migrate-meta-layouts":"default","ast-page-background-enabled":"default","ast-page-background-meta":{"desktop":{"background-color":"var(--ast-global-color-5)","background-image":"","background-repeat":"repeat","background-position":"center center","background-size":"auto","background-attachment":"scroll","background-type":"","background-media":"","overlay-type":"","overlay-color":"","overlay-opacity":"","overlay-gradient":""},"tablet":{"background-color":"","background-image":"","background-repeat":"repeat","background-position":"center center","background-size":"auto","background-attachment":"scroll","background-type":"","background-media":"","overlay-type":"","overlay-color":"","overlay-opacity":"","overlay-gradient":""},"mobile":{"background-color":"","background-image":"","background-repeat":"repeat","background-position":"center center","background-size":"auto","background-attachment":"scroll","background-type":"","background-media":"","overlay-type":"","overlay-color":"","overlay-opacity":"","overlay-gradient":""}},"ast-content-background-meta":{"desktop":{"background-color":"var(--ast-global-color-4)","background-image":"","background-repeat":"repeat","background-position":"center center","background-size":"auto","background-attachment":"scroll","background-type":"","background-media":"","overlay-type":"","overlay-color":"","overlay-opacity":"","overlay-gradient":""},"tablet":{"background-color":"var(--ast-global-color-4)","background-image":"","background-repeat":"repeat","background-position":"center center","background-size":"auto","background-attachment":"scroll","background-type":"","background-media":"","overlay-type":"","overlay-color":"","overlay-opacity":"","overlay-gradient":""},"mobile":{"background-color":"var(--ast-global-color-4)","background-image":"","background-repeat":"repeat","background-position":"center center","background-size":"auto","background-attachment":"scroll","background-type":"","background-media":"","overlay-type":"","overlay-color":"","overlay-opacity":"","overlay-gradient":""}},"footnotes":""},"class_list":["post-190","page","type-page","status-publish","hentry"],"_links":{"self":[{"href":"https:\/\/vyjadreni.sitel.cz\/index.php?rest_route=\/wp\/v2\/pages\/190","targetHints":{"allow":["GET"]}}],"collection":[{"href":"https:\/\/vyjadreni.sitel.cz\/index.php?rest_route=\/wp\/v2\/pages"}],"about":[{"href":"https:\/\/vyjadreni.sitel.cz\/index.php?rest_route=\/wp\/v2\/types\/page"}],"author":[{"embeddable":true,"href":"https:\/\/vyjadreni.sitel.cz\/index.php?rest_route=\/wp\/v2\/users\/1"}],"replies":[{"embeddable":true,"href":"https:\/\/vyjadreni.sitel.cz\/index.php?rest_route=%2Fwp%2Fv2%2Fcomments&post=190"}],"version-history":[{"count":10,"href":"https:\/\/vyjadreni.sitel.cz\/index.php?rest_route=\/wp\/v2\/pages\/190\/revisions"}],"predecessor-version":[{"id":227,"href":"https:\/\/vyjadreni.sitel.cz\/index.php?rest_route=\/wp\/v2\/pages\/190\/revisions\/227"}],"wp:attachment":[{"href":"https:\/\/vyjadreni.sitel.cz\/index.php?rest_route=%2Fwp%2Fv2%2Fmedia&parent=190"}],"curies":[{"name":"wp","href":"https:\/\/api.w.org\/{rel}","templated":true}]}}