{"id":153,"date":"2025-08-31T20:45:46","date_gmt":"2025-08-31T18:45:46","guid":{"rendered":"https:\/\/vyjadreni.sitel.cz\/?page_id=153"},"modified":"2025-09-01T12:14:19","modified_gmt":"2025-09-01T10:14:19","slug":"ochrana-siti","status":"publish","type":"page","link":"https:\/\/vyjadreni.sitel.cz\/?page_id=153","title":{"rendered":"Ochrana s\u00edt\u00ed"},"content":{"rendered":"\n<div style=\"height:150px\" aria-hidden=\"true\" class=\"wp-block-spacer\"><\/div>\n\n\n\n<h3 class=\"wp-block-heading\"><strong>\u010cINNOSTI V&nbsp;R\u00c1MCI POSUZOV\u00c1N\u00cd, P\u0158\u00cdPRAVY A REALIZACE STAVEBN\u00cdCH \u010cI JIN\u00ddCH PODOBN\u00ddCH Z\u00c1M\u011aR\u016e<\/strong><\/h3>\n\n\n\n<p>Spole\u010dnost SITEL, spol. s&nbsp;r. o., I\u010c: 44797320, se s\u00eddlem Baarova 957\/15, Praha 4, PS\u010c 140&nbsp;00, zapsan\u00e1 v&nbsp;obchodn\u00edm rejst\u0159\u00edku veden\u00e9m M\u011bstsk\u00fdm soudem v&nbsp;Praze, odd\u00edl C, vlo\u017eka 6725 (d\u00e1le jen \u201eSITEL\u201c), sd\u011bluje podm\u00ednky poskytnut\u00ed sou\u010dinnosti v&nbsp;p\u0159\u00edpadech stavebn\u00edch z\u00e1m\u011br\u016f \u017eadatel\u016f, nach\u00e1zej\u00edc\u00edch se v&nbsp;bl\u00edzkosti technick\u00e9 infrastruktury \u010di zasahuj\u00edc\u00edch do ochrann\u00e9ho p\u00e1sma technick\u00e9 infrastruktury, stanoven\u00e9ho dle \u00a7 102 odst. 2 z\u00e1kona \u010d. 127\/2005 Sb., o elektronick\u00fdch komunikac\u00edch a o zm\u011bn\u011b n\u011bkter\u00fdch souvisej\u00edc\u00edch z\u00e1kon\u016f (z\u00e1kon o elektronick\u00fdch komunikac\u00edch), v&nbsp;platn\u00e9m zn\u011bn\u00ed.<\/p>\n\n\n\n<p>Podm\u00ednky jsou aplikovateln\u00e9 ve vztahu k&nbsp;technick\u00e9 infrastruktu\u0159e, vlastn\u011bn\u00e9 n\u00e1sleduj\u00edc\u00edmi subjekty:<\/p>\n\n\n\n<ol start=\"1\" class=\"wp-block-list\">\n<li><strong>SITEL, spol. s&nbsp;r.o.<\/strong>, I\u010c: 44797320, se s\u00eddlem Baarova 957\/15, Praha 4, PS\u010c 140&nbsp;00, spole\u010dnost zapsan\u00e1 v&nbsp;obchodn\u00edm rejst\u0159\u00edku veden\u00e9m M\u011bstsk\u00fdm soudem v&nbsp;Praze, odd\u00edl C, vlo\u017eka 6725;<\/li>\n\n\n\n<li><strong>Arelion Czech Republic a.s.<\/strong>, I\u010c: 26207842, se s\u00eddlem K&nbsp;\u010cerven\u00e9mu dvoru 3269\/25a, Stra\u0161nice, 130&nbsp;00 Praha 3, spole\u010dnost zapsan\u00e1 v&nbsp;obchodn\u00edm rejst\u0159\u00edku veden\u00e9m M\u011bstsk\u00fdm soudem v&nbsp;Praze, odd\u00edl B, vlo\u017eka 6808;<\/li>\n\n\n\n<li><strong>OPTILINE a.s.<\/strong>, I\u010c: 26270412, se s\u00eddlem Ml\u00fdnsk\u00e1 22\/4, Bubene\u010d, 160&nbsp;00 Praha 6, spole\u010dnost zapsan\u00e1 v&nbsp;obchodn\u00edm rejst\u0159\u00edku veden\u00e9m M\u011bstsk\u00fdm soudem v&nbsp;Praze, odd\u00edl B, vlo\u017eka 22915<\/li>\n<\/ol>\n\n\n\n<p>(d\u00e1le jen \u201e<strong>Vlastn\u00edci technick\u00e9 infrastruktury<\/strong>\u201e)<\/p>\n\n\n\n<p>V&nbsp;p\u0159\u00edpad\u011b, \u017ee se projedn\u00e1van\u00fd z\u00e1m\u011br nach\u00e1z\u00ed v&nbsp;bl\u00edzkosti komunika\u010dn\u00edho veden\u00ed \u010di zasahuje do jeho ochrann\u00e9ho p\u00e1sma je v\u017edy nezbytn\u00e9 si vy\u017e\u00e1dat&nbsp;\u201eSouhlas\u201c s&nbsp;\u010dinnost\u00ed v&nbsp;ochrann\u00e9m p\u00e1smu komunika\u010dn\u00edho veden\u00ed.<\/p>\n\n\n\n<p><strong>Spole\u010dnost SITEL poskytuje na z\u00e1klad\u011b objedn\u00e1vek \u017eadatel\u016f ve\u0161kerou pot\u0159ebnou sou\u010dinnost ve f\u00e1zi posuzov\u00e1n\u00ed, p\u0159\u00edpravy a realizace stavebn\u00edch \u010di jin\u00fdch podobn\u00fdch z\u00e1m\u011br\u016f, pro n\u00ed\u017e je stanoven n\u00e1sleduj\u00edc\u00ed <a href=\"https:\/\/vyjadreni.sitel.cz\/?page_id=190\" data-type=\"page\" data-id=\"190\">Cen\u00edk<\/a><\/strong>.<\/p>\n\n\n\n<p><a>Objedn\u00e1vku \u010dinnost\u00ed je mo\u017en\u00e9 u\u010dinit prost\u0159ednictv\u00edm e-mailu na adrese : &nbsp;<\/a><a href=\"mailto:ochranasite@sitel.cz\">ochranasite@sitel.cz<\/a>  <\/p>\n\n\n\n<p>Objedn\u00e1vka bude pova\u017eov\u00e1na pro \u017eadatele za z\u00e1vaznou okam\u017eikem jej\u00edho odesl\u00e1n\u00ed spole\u010dnosti SITEL.<\/p>\n\n\n\n<p>Smlouva podle objedn\u00e1vky je uzav\u0159ena, jakmile si strany sjednaj\u00ed jej\u00ed obsah bez v\u00fdhrad a shodn\u011b projev\u00ed v\u016fli b\u00fdt dojednan\u00fdmi pravidly v\u00e1z\u00e1ny.<\/p>\n\n\n\n<p>Na ka\u017edou objedn\u00e1vku bude sjedn\u00e1na cena pln\u011bn\u00ed na z\u00e1klad\u011b cen\u00edku SITEL .<\/p>\n\n\n\n<p>Spole\u010dnost SITEL je zejm\u00e9na opr\u00e1vn\u011bna v&nbsp;r\u00e1mci \u00fapravy n\u00e1vrhu objedn\u00e1vky navrhnout konkr\u00e9tn\u00ed term\u00edny a zp\u016fsob pln\u011bn\u00ed, kter\u00e9 mus\u00ed b\u00fdt v\u00fdslovn\u011b odsouhlaseny \u017eadatelem.<\/p>\n\n\n\n<p>Spole\u010dnost SITEL je d\u00e1le opr\u00e1vn\u011bna navrhnout z\u00e1lohovou platbu k&nbsp;objedn\u00e1van\u00fdm \u010dinnostem.<\/p>\n\n\n\n<hr class=\"wp-block-separator has-alpha-channel-opacity\"\/>\n\n\n\n<p><a id=\"_msocom_1\"><\/a><\/p>\n","protected":false},"excerpt":{"rendered":"<p>\u010cINNOSTI V&nbsp;R\u00c1MCI POSUZOV\u00c1N\u00cd, P\u0158\u00cdPRAVY A REALIZACE STAVEBN\u00cdCH \u010cI JIN\u00ddCH PODOBN\u00ddCH Z\u00c1M\u011aR\u016e Spole\u010dnost SITEL, spol. s&nbsp;r. o., I\u010c: 44797320, se s\u00eddlem [&hellip;]<\/p>\n","protected":false},"author":1,"featured_media":0,"parent":0,"menu_order":0,"comment_status":"closed","ping_status":"closed","template":"","meta":{"site-sidebar-layout":"default","site-content-layout":"","ast-site-content-layout":"default","site-content-style":"default","site-sidebar-style":"default","ast-global-header-display":"","ast-banner-title-visibility":"","ast-main-header-display":"","ast-hfb-above-header-display":"","ast-hfb-below-header-display":"","ast-hfb-mobile-header-display":"","site-post-title":"disabled","ast-breadcrumbs-content":"","ast-featured-img":"","footer-sml-layout":"","theme-transparent-header-meta":"","adv-header-id-meta":"","stick-header-meta":"","header-above-stick-meta":"","header-main-stick-meta":"","header-below-stick-meta":"","astra-migrate-meta-layouts":"default","ast-page-background-enabled":"default","ast-page-background-meta":{"desktop":{"background-color":"var(--ast-global-color-5)","background-image":"","background-repeat":"repeat","background-position":"center center","background-size":"auto","background-attachment":"scroll","background-type":"","background-media":"","overlay-type":"","overlay-color":"","overlay-opacity":"","overlay-gradient":""},"tablet":{"background-color":"","background-image":"","background-repeat":"repeat","background-position":"center center","background-size":"auto","background-attachment":"scroll","background-type":"","background-media":"","overlay-type":"","overlay-color":"","overlay-opacity":"","overlay-gradient":""},"mobile":{"background-color":"","background-image":"","background-repeat":"repeat","background-position":"center center","background-size":"auto","background-attachment":"scroll","background-type":"","background-media":"","overlay-type":"","overlay-color":"","overlay-opacity":"","overlay-gradient":""}},"ast-content-background-meta":{"desktop":{"background-color":"var(--ast-global-color-4)","background-image":"","background-repeat":"repeat","background-position":"center center","background-size":"auto","background-attachment":"scroll","background-type":"","background-media":"","overlay-type":"","overlay-color":"","overlay-opacity":"","overlay-gradient":""},"tablet":{"background-color":"var(--ast-global-color-4)","background-image":"","background-repeat":"repeat","background-position":"center center","background-size":"auto","background-attachment":"scroll","background-type":"","background-media":"","overlay-type":"","overlay-color":"","overlay-opacity":"","overlay-gradient":""},"mobile":{"background-color":"var(--ast-global-color-4)","background-image":"","background-repeat":"repeat","background-position":"center center","background-size":"auto","background-attachment":"scroll","background-type":"","background-media":"","overlay-type":"","overlay-color":"","overlay-opacity":"","overlay-gradient":""}},"footnotes":""},"class_list":["post-153","page","type-page","status-publish","hentry"],"_links":{"self":[{"href":"https:\/\/vyjadreni.sitel.cz\/index.php?rest_route=\/wp\/v2\/pages\/153","targetHints":{"allow":["GET"]}}],"collection":[{"href":"https:\/\/vyjadreni.sitel.cz\/index.php?rest_route=\/wp\/v2\/pages"}],"about":[{"href":"https:\/\/vyjadreni.sitel.cz\/index.php?rest_route=\/wp\/v2\/types\/page"}],"author":[{"embeddable":true,"href":"https:\/\/vyjadreni.sitel.cz\/index.php?rest_route=\/wp\/v2\/users\/1"}],"replies":[{"embeddable":true,"href":"https:\/\/vyjadreni.sitel.cz\/index.php?rest_route=%2Fwp%2Fv2%2Fcomments&post=153"}],"version-history":[{"count":9,"href":"https:\/\/vyjadreni.sitel.cz\/index.php?rest_route=\/wp\/v2\/pages\/153\/revisions"}],"predecessor-version":[{"id":218,"href":"https:\/\/vyjadreni.sitel.cz\/index.php?rest_route=\/wp\/v2\/pages\/153\/revisions\/218"}],"wp:attachment":[{"href":"https:\/\/vyjadreni.sitel.cz\/index.php?rest_route=%2Fwp%2Fv2%2Fmedia&parent=153"}],"curies":[{"name":"wp","href":"https:\/\/api.w.org\/{rel}","templated":true}]}}