{"id":148,"date":"2025-08-31T20:42:32","date_gmt":"2025-08-31T18:42:32","guid":{"rendered":"https:\/\/vyjadreni.sitel.cz\/?page_id=148"},"modified":"2025-09-01T12:10:45","modified_gmt":"2025-09-01T10:10:45","slug":"vyjadreni-k-existenci-siti","status":"publish","type":"page","link":"https:\/\/vyjadreni.sitel.cz\/?page_id=148","title":{"rendered":"vyjadreni_k_existenci"},"content":{"rendered":"\n<div style=\"height:150px\" aria-hidden=\"true\" class=\"wp-block-spacer\"><\/div>\n\n\n\n<h3 class=\"wp-block-heading\">Vyj\u00e1d\u0159en\u00ed k&nbsp;existenci s\u00edt\u00ed<\/h3>\n\n\n\n<ol start=\"1\" class=\"wp-block-list\">\n<li><strong>SITEL, spol. s\u00a0r.o.<\/strong>, I\u010c: 44797320, se s\u00eddlem Baarova 957\/15, Praha 4, PS\u010c 140\u00a000, spole\u010dnost zapsan\u00e1 v\u00a0obchodn\u00edm rejst\u0159\u00edku veden\u00e9m M\u011bstsk\u00fdm soudem v\u00a0Praze, odd\u00edl C, vlo\u017eka 6725;<\/li>\n\n\n\n<li><strong>Arelion Czech Republic a.s.<\/strong>, I\u010c: 26207842, se s\u00eddlem K\u00a0\u010cerven\u00e9mu dvoru 3269\/25a, Stra\u0161nice, 130\u00a000 Praha 3, spole\u010dnost zapsan\u00e1 v\u00a0obchodn\u00edm rejst\u0159\u00edku veden\u00e9m M\u011bstsk\u00fdm soudem v\u00a0Praze, odd\u00edl B, vlo\u017eka 6808;<\/li>\n\n\n\n<li><strong>OPTILINE a.s.<\/strong>, I\u010c: 26270412, se s\u00eddlem Ml\u00fdnsk\u00e1 22\/4, Bubene\u010d, 160\u00a000 Praha 6, spole\u010dnost zapsan\u00e1 v\u00a0obchodn\u00edm rejst\u0159\u00edku veden\u00e9m M\u011bstsk\u00fdm soudem v\u00a0Praze, odd\u00edl B, vlo\u017eka 22915<\/li>\n<\/ol>\n\n\n\n<p>V\u00fd\u0161e uveden\u00ed vlastn\u00edci technick\u00e9 infrastruktury poskytuj\u00ed \u00fadaje o konkr\u00e9tn\u00ed poloze technick\u00e9 infrastruktury a p\u0159\u00edpadn\u011b i dal\u0161\u00ed \u00fadaje t\u00fdkaj\u00edc\u00ed se podm\u00ednek realizace konkr\u00e9tn\u00edho stavebn\u00edho z\u00e1m\u011bru \u017eadatele\/stavebn\u00edka na z\u00e1klad\u011b \u017e\u00e1dost\u00ed o vyj\u00e1d\u0159en\u00ed k&nbsp;existenci s\u00edt\u00ed prost\u0159ednictv\u00edm webov\u00e9ho port\u00e1lu pod n\u00e1sleduj\u00edc\u00edm odkazem:<\/p>\n\n\n\n<p><a href=\"https:\/\/www.zadosti.cz\" target=\"_blank\" rel=\"noreferrer noopener\">Vyj\u00e1d\u0159en\u00ed k existenci s\u00edt\u00ed<\/a><\/p>\n\n\n\n<p>S ohledem na nutnost individu\u00e1ln\u00edho zpracov\u00e1n\u00ed ka\u017ed\u00e9 jednotliv\u00e9 \u017e\u00e1dosti, a tedy i vznik n\u00e1klad\u016f souvisej\u00edc\u00edch se zpracov\u00e1n\u00edm \u017e\u00e1dosti, je individu\u00e1ln\u00ed vyj\u00e1d\u0159en\u00ed k \u017e\u00e1dosti zpoplatn\u011bno administrativn\u00edm poplatkem.<\/p>\n\n\n\n<p>&nbsp;Individu\u00e1ln\u00ed vyj\u00e1d\u0159en\u00ed je realizov\u00e1no na z\u00e1klad\u011b samostatn\u00e9 \u017e\u00e1dosti\/objedn\u00e1vky dle podm\u00ednek uveden\u00fdch na webov\u00e9m port\u00e1lu zadosti.cz.<\/p>\n\n\n\n<p><\/p>\n","protected":false},"excerpt":{"rendered":"<p>Vyj\u00e1d\u0159en\u00ed k&nbsp;existenci s\u00edt\u00ed V\u00fd\u0161e uveden\u00ed vlastn\u00edci technick\u00e9 infrastruktury poskytuj\u00ed \u00fadaje o konkr\u00e9tn\u00ed poloze technick\u00e9 infrastruktury a p\u0159\u00edpadn\u011b i dal\u0161\u00ed \u00fadaje [&hellip;]<\/p>\n","protected":false},"author":1,"featured_media":0,"parent":0,"menu_order":0,"comment_status":"closed","ping_status":"closed","template":"","meta":{"site-sidebar-layout":"default","site-content-layout":"","ast-site-content-layout":"default","site-content-style":"default","site-sidebar-style":"default","ast-global-header-display":"","ast-banner-title-visibility":"","ast-main-header-display":"","ast-hfb-above-header-display":"","ast-hfb-below-header-display":"","ast-hfb-mobile-header-display":"","site-post-title":"disabled","ast-breadcrumbs-content":"","ast-featured-img":"","footer-sml-layout":"","theme-transparent-header-meta":"","adv-header-id-meta":"","stick-header-meta":"","header-above-stick-meta":"","header-main-stick-meta":"","header-below-stick-meta":"","astra-migrate-meta-layouts":"default","ast-page-background-enabled":"default","ast-page-background-meta":{"desktop":{"background-color":"var(--ast-global-color-5)","background-image":"","background-repeat":"repeat","background-position":"center center","background-size":"auto","background-attachment":"scroll","background-type":"","background-media":"","overlay-type":"","overlay-color":"","overlay-opacity":"","overlay-gradient":""},"tablet":{"background-color":"","background-image":"","background-repeat":"repeat","background-position":"center center","background-size":"auto","background-attachment":"scroll","background-type":"","background-media":"","overlay-type":"","overlay-color":"","overlay-opacity":"","overlay-gradient":""},"mobile":{"background-color":"","background-image":"","background-repeat":"repeat","background-position":"center center","background-size":"auto","background-attachment":"scroll","background-type":"","background-media":"","overlay-type":"","overlay-color":"","overlay-opacity":"","overlay-gradient":""}},"ast-content-background-meta":{"desktop":{"background-color":"var(--ast-global-color-4)","background-image":"","background-repeat":"repeat","background-position":"center center","background-size":"auto","background-attachment":"scroll","background-type":"","background-media":"","overlay-type":"","overlay-color":"","overlay-opacity":"","overlay-gradient":""},"tablet":{"background-color":"var(--ast-global-color-4)","background-image":"","background-repeat":"repeat","background-position":"center center","background-size":"auto","background-attachment":"scroll","background-type":"","background-media":"","overlay-type":"","overlay-color":"","overlay-opacity":"","overlay-gradient":""},"mobile":{"background-color":"var(--ast-global-color-4)","background-image":"","background-repeat":"repeat","background-position":"center center","background-size":"auto","background-attachment":"scroll","background-type":"","background-media":"","overlay-type":"","overlay-color":"","overlay-opacity":"","overlay-gradient":""}},"footnotes":""},"class_list":["post-148","page","type-page","status-publish","hentry"],"_links":{"self":[{"href":"https:\/\/vyjadreni.sitel.cz\/index.php?rest_route=\/wp\/v2\/pages\/148","targetHints":{"allow":["GET"]}}],"collection":[{"href":"https:\/\/vyjadreni.sitel.cz\/index.php?rest_route=\/wp\/v2\/pages"}],"about":[{"href":"https:\/\/vyjadreni.sitel.cz\/index.php?rest_route=\/wp\/v2\/types\/page"}],"author":[{"embeddable":true,"href":"https:\/\/vyjadreni.sitel.cz\/index.php?rest_route=\/wp\/v2\/users\/1"}],"replies":[{"embeddable":true,"href":"https:\/\/vyjadreni.sitel.cz\/index.php?rest_route=%2Fwp%2Fv2%2Fcomments&post=148"}],"version-history":[{"count":8,"href":"https:\/\/vyjadreni.sitel.cz\/index.php?rest_route=\/wp\/v2\/pages\/148\/revisions"}],"predecessor-version":[{"id":217,"href":"https:\/\/vyjadreni.sitel.cz\/index.php?rest_route=\/wp\/v2\/pages\/148\/revisions\/217"}],"wp:attachment":[{"href":"https:\/\/vyjadreni.sitel.cz\/index.php?rest_route=%2Fwp%2Fv2%2Fmedia&parent=148"}],"curies":[{"name":"wp","href":"https:\/\/api.w.org\/{rel}","templated":true}]}}